{"id":2,"date":"2016-05-10T03:48:21","date_gmt":"2016-05-10T03:48:21","guid":{"rendered":"http:\/\/haus-lungjaat.de\/?page_id=2"},"modified":"2017-05-04T15:47:46","modified_gmt":"2017-05-04T15:47:46","slug":"sample-page","status":"publish","type":"page","link":"https:\/\/haus-lungjaat.de\/","title":{"rendered":"Startseite"},"content":{"rendered":"<p>[et_pb_section bb_built=&#8220;1&#8243; admin_label=&#8220;Sektion&#8220; fullwidth=&#8220;on&#8220; specialty=&#8220;off&#8220;][et_pb_fullwidth_image admin_label=&#8220;Volle Breite des Bildes&#8220; src=&#8220;http:\/\/haus-lungjaat.de\/wp-content\/uploads\/2016\/05\/headder2017.jpg&#8220; show_in_lightbox=&#8220;off&#8220; url_new_window=&#8220;off&#8220; use_overlay=&#8220;off&#8220; animation=&#8220;top&#8220; use_border_color=&#8220;off&#8220; border_color=&#8220;#ffffff&#8220; border_style=&#8220;solid&#8220; \/][et_pb_fullwidth_slider admin_label=&#8220;Vollbreiter Slider&#8220; show_arrows=&#8220;on&#8220; show_pagination=&#8220;on&#8220; auto=&#8220;on&#8220; auto_ignore_hover=&#8220;on&#8220; parallax=&#8220;off&#8220; parallax_method=&#8220;off&#8220; remove_inner_shadow=&#8220;off&#8220; background_position=&#8220;default&#8220; background_size=&#8220;default&#8220; hide_content_on_mobile=&#8220;off&#8220; hide_cta_on_mobile=&#8220;off&#8220; show_image_video_mobile=&#8220;off&#8220; custom_button=&#8220;off&#8220; button_letter_spacing=&#8220;0&#8243; button_use_icon=&#8220;default&#8220; button_icon_placement=&#8220;right&#8220; button_on_hover=&#8220;on&#8220; button_letter_spacing_hover=&#8220;0&#8243; auto_speed=&#8220;4000&#8243;] [et_pb_slide heading=&#8220;Willkommen im Haus Lungjaat&#8220; background_image=&#8220;http:\/\/haus-lungjaat.de\/wp-content\/uploads\/2016\/05\/CRW_2641.jpg&#8220; background_position=&#8220;default&#8220; background_size=&#8220;default&#8220; background_color=&#8220;#ffffff&#8220; use_bg_overlay=&#8220;off&#8220; use_text_overlay=&#8220;off&#8220; alignment=&#8220;center&#8220; background_layout=&#8220;dark&#8220; allow_player_pause=&#8220;off&#8220; text_border_radius=&#8220;3&#8243; header_font_select=&#8220;default&#8220; header_font=&#8220;||||&#8220; body_font_select=&#8220;default&#8220; body_font=&#8220;||||&#8220; custom_button=&#8220;off&#8220; button_font_select=&#8220;default&#8220; button_font=&#8220;||||&#8220; button_use_icon=&#8220;default&#8220; button_icon_placement=&#8220;right&#8220; button_on_hover=&#8220;on&#8220;]<\/p>\n<p>auf der sch\u00f6nen Nordseeinsel Amrum.<\/p>\n<p>Wir freuen uns auf Ihren Besuch&#8230;<\/p>\n<p>[\/et_pb_slide][et_pb_slide background_image=&#8220;http:\/\/haus-lungjaat.de\/wp-content\/uploads\/2016\/05\/CRW_2646.jpg&#8220; background_position=&#8220;default&#8220; background_size=&#8220;default&#8220; background_color=&#8220;#ffffff&#8220; use_bg_overlay=&#8220;off&#8220; use_text_overlay=&#8220;off&#8220; alignment=&#8220;center&#8220; background_layout=&#8220;dark&#8220; allow_player_pause=&#8220;off&#8220; text_border_radius=&#8220;3&#8243; header_font_select=&#8220;default&#8220; header_font=&#8220;||||&#8220; body_font_select=&#8220;default&#8220; body_font=&#8220;||||&#8220; custom_button=&#8220;off&#8220; button_font_select=&#8220;default&#8220; button_font=&#8220;||||&#8220; button_use_icon=&#8220;default&#8220; button_icon_placement=&#8220;right&#8220; button_on_hover=&#8220;on&#8220; \/][et_pb_slide background_image=&#8220;http:\/\/haus-lungjaat.de\/wp-content\/uploads\/2016\/05\/CRW_2643.jpg&#8220; background_position=&#8220;default&#8220; background_size=&#8220;default&#8220; background_color=&#8220;#ffffff&#8220; use_bg_overlay=&#8220;off&#8220; use_text_overlay=&#8220;off&#8220; alignment=&#8220;center&#8220; background_layout=&#8220;dark&#8220; allow_player_pause=&#8220;off&#8220; text_border_radius=&#8220;3&#8243; header_font_select=&#8220;default&#8220; header_font=&#8220;||||&#8220; body_font_select=&#8220;default&#8220; body_font=&#8220;||||&#8220; custom_button=&#8220;off&#8220; button_font_select=&#8220;default&#8220; button_font=&#8220;||||&#8220; button_use_icon=&#8220;default&#8220; button_icon_placement=&#8220;right&#8220; button_on_hover=&#8220;on&#8220; \/][et_pb_slide background_image=&#8220;http:\/\/haus-lungjaat.de\/wp-content\/uploads\/2016\/05\/PL-20091222-1642.jpg&#8220; background_position=&#8220;default&#8220; background_size=&#8220;default&#8220; background_color=&#8220;#ffffff&#8220; use_bg_overlay=&#8220;off&#8220; use_text_overlay=&#8220;off&#8220; alignment=&#8220;center&#8220; background_layout=&#8220;dark&#8220; allow_player_pause=&#8220;off&#8220; text_border_radius=&#8220;3&#8243; header_font_select=&#8220;default&#8220; header_font=&#8220;||||&#8220; body_font_select=&#8220;default&#8220; body_font=&#8220;||||&#8220; custom_button=&#8220;off&#8220; button_font_select=&#8220;default&#8220; button_font=&#8220;||||&#8220; button_use_icon=&#8220;default&#8220; button_icon_placement=&#8220;right&#8220; button_on_hover=&#8220;on&#8220; \/] [\/et_pb_fullwidth_slider][\/et_pb_section][et_pb_section bb_built=&#8220;1&#8243; admin_label=&#8220;section&#8220; background_image=&#8220;http:\/\/haus-lungjaat.de\/wp-content\/uploads\/2017\/05\/hintergrund.jpg&#8220; transparent_background=&#8220;off&#8220; allow_player_pause=&#8220;off&#8220; inner_shadow=&#8220;off&#8220; parallax=&#8220;off&#8220; parallax_method=&#8220;on&#8220; make_fullwidth=&#8220;off&#8220; use_custom_width=&#8220;off&#8220; width_unit=&#8220;on&#8220; make_equal=&#8220;off&#8220; use_custom_gutter=&#8220;off&#8220;][et_pb_row admin_label=&#8220;row&#8220;][et_pb_column type=&#8220;4_4&#8243;][et_pb_text admin_label=&#8220;Text&#8220; background_layout=&#8220;light&#8220; text_orientation=&#8220;left&#8220; use_border_color=&#8220;off&#8220; border_color=&#8220;#ffffff&#8220; border_style=&#8220;solid&#8220;]<\/p>\n<p>Geniessen Sie Ihren Urlaub im Friesenhaus in ruhiger Lage am Rand des historischen Ortskerns.<\/p>\n<div align=\"left\">\n<div align=\"left\">\n<p>Die reetgedeckte Haush\u00e4lfte \u00fcber zwei Etagen bietet Platz f\u00fcr 4 Personen und hat eine Wohnfl\u00e4che von ca. 87 qm. Im Erdgeschoss befinden sic<span style=\"color: #003333;\">h d<\/span>as Wohnzimmer, die K\u00fcche sowie das G\u00e4ste-WC mit Dusche. In der oberen Etage sind zwei Schlafzimmer und das Bade\u00adzimmer untergebracht.<\/p>\n<p>&nbsp;<\/p>\n<\/div>\n<div align=\"left\">\n<ul>\n<li type=\"square\">Ausgezeichnet mit **** Sternen<\/li>\n<li type=\"square\">Nichtraucherwohnung<\/li>\n<li type=\"square\">Bettw\u00e4sche und Handt\u00fccher, keine Strand- und Badet\u00fccher<\/li>\n<li type=\"square\">komplette K\u00fcchenausstattung<\/li>\n<li type=\"square\">Waschmaschine und Trockner im Haus<\/li>\n<li type=\"square\">Terrasse nach S\u00fcden, Gartenm\u00f6bel, Strandkorb<\/li>\n<li type=\"square\">PKW-Stellplatz am Haus<\/li>\n<li type=\"square\">keine Haustiere<\/li>\n<li type=\"square\">B\u00e4cker, Lebensmittelladen und Restaurants in n\u00e4chster N\u00e4he<\/li>\n<\/ul>\n<\/div>\n<div align=\"left\">\n<p>&nbsp;<\/p>\n<p>Wir w\u00fcrden uns freuen, Sie als Gast im Haus Lungjaat begr\u00fcssen zu d\u00fcrfen.<\/p>\n<\/div>\n<\/div>\n<p>[\/et_pb_text][\/et_pb_column][\/et_pb_row][\/et_pb_section]<\/p>\n","protected":false},"excerpt":{"rendered":"<p>auf der sch\u00f6nen Nordseeinsel Amrum. Wir freuen uns auf Ihren Besuch&#8230; Geniessen Sie Ihren Urlaub im Friesenhaus in ruhiger Lage am Rand des historischen Ortskerns. Die reetgedeckte Haush\u00e4lfte \u00fcber zwei Etagen bietet Platz f\u00fcr 4 Personen und hat eine Wohnfl\u00e4che von ca. 87 qm. Im Erdgeschoss befinden sich das Wohnzimmer, die K\u00fcche sowie das G\u00e4ste-WC [&hellip;]<\/p>\n","protected":false},"author":1,"featured_media":0,"parent":0,"menu_order":0,"comment_status":"closed","ping_status":"open","template":"","meta":{"_et_pb_use_builder":"on","_et_pb_old_content":"<p>This is an example page. It's different from a blog post because it will stay in one place and will show up in your site navigation (in most themes). Most people start with an About page that introduces them to potential site visitors. It might say something like this:<\/p><blockquote><p>Hi there! I'm a bike messenger by day, aspiring actor by night, and this is my website. I live in Los Angeles, have a great dog named Jack, and I like pi\u00f1a coladas. (And gettin' caught in the rain.)<\/p><\/blockquote><p>...or something like this:<\/p><blockquote><p>The XYZ Doohickey Company was founded in 1971, and has been providing quality doohickeys to the public ever since. Located in Gotham City, XYZ employs over 2,000 people and does all kinds of awesome things for the Gotham community.<\/p><\/blockquote><p>As a new WordPress user, you should go to <a href=\"http:\/\/haus-lungjaat.de\/wp-admin\/\">your dashboard<\/a> to delete this page and create new pages for your content. Have fun!<\/p>","_et_gb_content_width":"","footnotes":""},"class_list":["post-2","page","type-page","status-publish","hentry"],"_links":{"self":[{"href":"https:\/\/haus-lungjaat.de\/index.php?rest_route=\/wp\/v2\/pages\/2","targetHints":{"allow":["GET"]}}],"collection":[{"href":"https:\/\/haus-lungjaat.de\/index.php?rest_route=\/wp\/v2\/pages"}],"about":[{"href":"https:\/\/haus-lungjaat.de\/index.php?rest_route=\/wp\/v2\/types\/page"}],"author":[{"embeddable":true,"href":"https:\/\/haus-lungjaat.de\/index.php?rest_route=\/wp\/v2\/users\/1"}],"replies":[{"embeddable":true,"href":"https:\/\/haus-lungjaat.de\/index.php?rest_route=%2Fwp%2Fv2%2Fcomments&post=2"}],"version-history":[{"count":13,"href":"https:\/\/haus-lungjaat.de\/index.php?rest_route=\/wp\/v2\/pages\/2\/revisions"}],"predecessor-version":[{"id":116,"href":"https:\/\/haus-lungjaat.de\/index.php?rest_route=\/wp\/v2\/pages\/2\/revisions\/116"}],"wp:attachment":[{"href":"https:\/\/haus-lungjaat.de\/index.php?rest_route=%2Fwp%2Fv2%2Fmedia&parent=2"}],"curies":[{"name":"wp","href":"https:\/\/api.w.org\/{rel}","templated":true}]}}