{"id":140,"date":"2017-05-05T07:48:56","date_gmt":"2017-05-05T07:48:56","guid":{"rendered":"http:\/\/haus-lungjaat.de\/?page_id=140"},"modified":"2021-11-04T10:51:15","modified_gmt":"2021-11-04T10:51:15","slug":"wohnung","status":"publish","type":"page","link":"https:\/\/haus-lungjaat.de\/?page_id=140","title":{"rendered":"Wohnung"},"content":{"rendered":"<p>[et_pb_section fb_built=&#8220;1&#8243; fullwidth=&#8220;on&#8220; admin_label=&#8220;Sektion&#8220; _builder_version=&#8220;3.22&#8243; global_colors_info=&#8220;{}&#8220;][et_pb_fullwidth_image src=&#8220;http:\/\/haus-lungjaat.de\/wp-content\/uploads\/2016\/05\/headder2017.jpg&#8220; admin_label=&#8220;Volle Breite des Bildes&#8220; _builder_version=&#8220;3.0.87&#8243; animation_style=&#8220;slide&#8220; animation_direction=&#8220;top&#8220; animation_duration=&#8220;500ms&#8220; animation_intensity_slide=&#8220;10%&#8220; use_border_color=&#8220;off&#8220; border_color=&#8220;#ffffff&#8220; border_style=&#8220;solid&#8220; animation=&#8220;top&#8220; global_colors_info=&#8220;{}&#8220;][\/et_pb_fullwidth_image][\/et_pb_section][et_pb_section fb_built=&#8220;1&#8243; admin_label=&#8220;section&#8220; _builder_version=&#8220;3.22&#8243; background_image=&#8220;http:\/\/haus-lungjaat.de\/wp-content\/uploads\/2017\/05\/hintergrund.jpg&#8220; transparent_background=&#8220;off&#8220; make_fullwidth=&#8220;off&#8220; use_custom_width=&#8220;off&#8220; width_unit=&#8220;on&#8220; global_colors_info=&#8220;{}&#8220;][et_pb_row admin_label=&#8220;row&#8220; _builder_version=&#8220;3.25&#8243; background_size=&#8220;initial&#8220; background_position=&#8220;top_left&#8220; background_repeat=&#8220;repeat&#8220; global_colors_info=&#8220;{}&#8220; column_structure=&#8220;1_2,1_2&#8243;][et_pb_column type=&#8220;1_2&#8243; _builder_version=&#8220;3.25&#8243; custom_padding=&#8220;|||&#8220; global_colors_info=&#8220;{}&#8220; custom_padding__hover=&#8220;|||&#8220;][et_pb_image src=&#8220;http:\/\/haus-lungjaat.de\/wp-content\/uploads\/2017\/05\/riss.jpg&#8220; align=&#8220;right&#8220; align_tablet=&#8220;center&#8220; align_last_edited=&#8220;on|desktop&#8220; admin_label=&#8220;Bild&#8220; _builder_version=&#8220;3.23&#8243; animation_style=&#8220;slide&#8220; animation_direction=&#8220;left&#8220; animation_duration=&#8220;500ms&#8220; animation_intensity_slide=&#8220;10%&#8220; use_border_color=&#8220;off&#8220; border_color=&#8220;#ffffff&#8220; border_style=&#8220;solid&#8220; animation=&#8220;left&#8220; sticky=&#8220;off&#8220; always_center_on_mobile=&#8220;on&#8220; global_colors_info=&#8220;{}&#8220; align_phone=&#8220;center&#8220;][\/et_pb_image][\/et_pb_column][et_pb_column type=&#8220;1_2&#8243; _builder_version=&#8220;3.25&#8243; custom_padding=&#8220;|||&#8220; global_colors_info=&#8220;{}&#8220; custom_padding__hover=&#8220;|||&#8220;][et_pb_text admin_label=&#8220;Text&#8220; _builder_version=&#8220;3.27.4&#8243; background_size=&#8220;initial&#8220; background_position=&#8220;top_left&#8220; background_repeat=&#8220;repeat&#8220; use_border_color=&#8220;off&#8220; border_color=&#8220;#ffffff&#8220; border_style=&#8220;solid&#8220; global_colors_info=&#8220;{}&#8220;]<\/p>\n<p><strong>Wohnzimmer<\/strong><br \/>gem\u00fctliche Sitzecke<br \/>Tisch und 4 St\u00fchle<br \/>Sat TV, Internetzugang \u00fcber W-Lan<br \/>Stereoanlage mit CD-Player<br \/>Schwedenofen<\/p>\n<p><strong>K\u00fcche<\/strong><br \/>Induktionskochfeld<br \/>Backofen<br \/>Mikrowelle<br \/>K\u00fchlschrank mit Gefrierfach<br \/>Geschirrsp\u00fcler<br \/>Wasserkocher<br \/>Kaffeemaschinen (Filter, Senseo, Nespresso)<br \/>Toaster<br \/>R\u00fchrger\u00e4t<\/p>\n<p><strong>Schlafzimmer<\/strong><br \/>Doppelbett (180&#215;200) Lattenroste<br \/>mit Kopf- und Fussteilverstellung<br \/>Kleiderschrank<\/p>\n<p><strong>Kinder-Schlafzimmer<\/strong><br \/>2 Einzelbetten (90&#215;200), zum Doppelbett zusammenstellbar, Lattenroste mit Kopf- und Fussteilverstellung<br \/>Kleiderschrank<\/p>\n<p><strong>Badezimmer<\/strong><br \/>Badewanne<br \/>Dusche<br \/>WC<br \/>Haartrockner<\/p>\n<p><strong>Arbeitszimmer<\/strong><br \/>Schreibtisch und Stuhl<\/p>\n<p>[\/et_pb_text][\/et_pb_column][\/et_pb_row][\/et_pb_section]<\/p>\n","protected":false},"excerpt":{"rendered":"<p>Wohnzimmergem\u00fctliche SitzeckeTisch und 4 St\u00fchleSat TV, Internetzugang \u00fcber W-LanStereoanlage mit CD-PlayerSchwedenofen K\u00fccheInduktionskochfeldBackofenMikrowelleK\u00fchlschrank mit GefrierfachGeschirrsp\u00fclerWasserkocherKaffeemaschinen (Filter, Senseo, Nespresso)ToasterR\u00fchrger\u00e4t SchlafzimmerDoppelbett (180&#215;200) Lattenrostemit Kopf- und FussteilverstellungKleiderschrank Kinder-Schlafzimmer2 Einzelbetten (90&#215;200), zum Doppelbett zusammenstellbar, Lattenroste mit Kopf- und FussteilverstellungKleiderschrank BadezimmerBadewanneDuscheWCHaartrockner ArbeitszimmerSchreibtisch und Stuhl<\/p>\n","protected":false},"author":1,"featured_media":0,"parent":0,"menu_order":0,"comment_status":"closed","ping_status":"open","template":"","meta":{"_et_pb_use_builder":"on","_et_pb_old_content":"<p>This is an example page. It's different from a blog post because it will stay in one place and will show up in your site navigation (in most themes). Most people start with an About page that introduces them to potential site visitors. It might say something like this:<\/p><blockquote><p>Hi there! I'm a bike messenger by day, aspiring actor by night, and this is my website. I live in Los Angeles, have a great dog named Jack, and I like pi\u00f1a coladas. (And gettin' caught in the rain.)<\/p><\/blockquote><p>...or something like this:<\/p><blockquote><p>The XYZ Doohickey Company was founded in 1971, and has been providing quality doohickeys to the public ever since. Located in Gotham City, XYZ employs over 2,000 people and does all kinds of awesome things for the Gotham community.<\/p><\/blockquote><p>As a new WordPress user, you should go to <a href=\"http:\/\/haus-lungjaat.de\/wp-admin\/\">your dashboard<\/a> to delete this page and create new pages for your content. Have fun!<\/p>","_et_gb_content_width":"","footnotes":""},"class_list":["post-140","page","type-page","status-publish","hentry"],"_links":{"self":[{"href":"https:\/\/haus-lungjaat.de\/index.php?rest_route=\/wp\/v2\/pages\/140","targetHints":{"allow":["GET"]}}],"collection":[{"href":"https:\/\/haus-lungjaat.de\/index.php?rest_route=\/wp\/v2\/pages"}],"about":[{"href":"https:\/\/haus-lungjaat.de\/index.php?rest_route=\/wp\/v2\/types\/page"}],"author":[{"embeddable":true,"href":"https:\/\/haus-lungjaat.de\/index.php?rest_route=\/wp\/v2\/users\/1"}],"replies":[{"embeddable":true,"href":"https:\/\/haus-lungjaat.de\/index.php?rest_route=%2Fwp%2Fv2%2Fcomments&post=140"}],"version-history":[{"count":4,"href":"https:\/\/haus-lungjaat.de\/index.php?rest_route=\/wp\/v2\/pages\/140\/revisions"}],"predecessor-version":[{"id":195,"href":"https:\/\/haus-lungjaat.de\/index.php?rest_route=\/wp\/v2\/pages\/140\/revisions\/195"}],"wp:attachment":[{"href":"https:\/\/haus-lungjaat.de\/index.php?rest_route=%2Fwp%2Fv2%2Fmedia&parent=140"}],"curies":[{"name":"wp","href":"https:\/\/api.w.org\/{rel}","templated":true}]}}