{"id":131,"date":"2017-05-04T16:29:04","date_gmt":"2017-05-04T16:29:04","guid":{"rendered":"http:\/\/haus-lungjaat.de\/?page_id=131"},"modified":"2024-11-26T10:08:28","modified_gmt":"2024-11-26T10:08:28","slug":"kontaktimpressum","status":"publish","type":"page","link":"https:\/\/haus-lungjaat.de\/?page_id=131","title":{"rendered":"Kontakt\/Impressum"},"content":{"rendered":"<p>[et_pb_section fb_built=&#8220;1&#8243; fullwidth=&#8220;on&#8220; admin_label=&#8220;Sektion&#8220; _builder_version=&#8220;3.22&#8243; global_colors_info=&#8220;{}&#8220;][et_pb_fullwidth_image src=&#8220;http:\/\/haus-lungjaat.de\/wp-content\/uploads\/2016\/05\/headder2017.jpg&#8220; admin_label=&#8220;Volle Breite des Bildes&#8220; _builder_version=&#8220;3.0.72&#8243; animation_style=&#8220;slide&#8220; animation_direction=&#8220;top&#8220; animation_duration=&#8220;500ms&#8220; animation_intensity_slide=&#8220;10%&#8220; animation=&#8220;top&#8220; global_colors_info=&#8220;{}&#8220;][\/et_pb_fullwidth_image][\/et_pb_section][et_pb_section fb_built=&#8220;1&#8243; admin_label=&#8220;section&#8220; _builder_version=&#8220;3.22&#8243; background_image=&#8220;http:\/\/haus-lungjaat.de\/wp-content\/uploads\/2017\/05\/hintergrund.jpg&#8220; global_colors_info=&#8220;{}&#8220;][et_pb_row column_structure=&#8220;1_3,2_3&#8243; admin_label=&#8220;row&#8220; _builder_version=&#8220;3.25&#8243; background_size=&#8220;initial&#8220; background_position=&#8220;top_left&#8220; background_repeat=&#8220;repeat&#8220; global_colors_info=&#8220;{}&#8220;][et_pb_column type=&#8220;1_3&#8243; _builder_version=&#8220;3.25&#8243; custom_padding=&#8220;|||&#8220; global_colors_info=&#8220;{}&#8220; custom_padding__hover=&#8220;|||&#8220;][et_pb_text admin_label=&#8220;Text&#8220; _builder_version=&#8220;3.27.4&#8243; background_size=&#8220;initial&#8220; background_position=&#8220;top_left&#8220; background_repeat=&#8220;repeat&#8220; global_colors_info=&#8220;{}&#8220;]<\/p>\n<h3>Sch\u00f6n, dass Sie sich f\u00fcr unsere Wohnung interessieren\u2026<\/h3>\n<p>&nbsp;<\/p>\n<div class=\"\">Daniela &amp; Morton Schmidt<\/div>\n<div class=\"\">Henseweg 7c<\/div>\n<div class=\"\">22359 Hamburg<\/div>\n<div class=\"\">Deutschland<\/div>\n<div class=\"\">Tel. 0173\/4218496<\/div>\n<div class=\"\"><a href=\"mailto:daniela@schmidt-family.org\" class=\"\">daniela@schmidt-family.org<\/a><\/div>\n<p>&nbsp;<\/p>\n<p><strong>Adresse des Hauses:<\/strong><br \/>Haus Lungjaat<br \/>Lungjaat 2a<br \/>25946 Nebel<\/p>\n<p><strong>Links, die Ihnen weiterhelfen\u2026 \u00a0<\/strong><\/p>\n<p><a href=\"http:\/\/amrum.de\" target=\"_blank\" rel=\"noopener noreferrer\">Offizielle Website der Insel<\/a><\/p>\n<p><a href=\"http:\/\/farhre.de\" target=\"_blank\" rel=\"noopener noreferrer\">Wyker Dampfschiffs Reederei<\/a><\/p>\n<p><a href=\"http:\/\/db.de\" target=\"_blank\" rel=\"noopener noreferrer\">Deutsche Bahn<\/a><\/p>\n<p><strong>Sollte unsere Wohnung zum gew\u00fcnschten Zeitpunkt schon besetzt sein, finden Sie \u00e4hnliche Mietobjekte unter folgenden Adressen:<\/strong><\/p>\n<p><a href=\"http:\/\/www.amrumferien-nebel.de\" target=\"_blank\" rel=\"noopener noreferrer\">www.amrumferien-nebel.de<\/a><\/p>\n<p><a href=\"http:\/\/www.amrumferien-unter-reet.de\" target=\"_blank\" rel=\"noopener noreferrer\">www.amrumferien-unter-reet.de<\/a><\/p>\n<p><a href=\"http:\/\/www.amrum-dieckmann.de\" target=\"_blank\" rel=\"noopener noreferrer\">www.amrum-dieckmann.de<\/a><\/p>\n<p><a href=\"http:\/\/www.ferienhaus-amrum-nebel.de\" target=\"_blank\" rel=\"noopener noreferrer\">www.ferienhaus-amrum-nebel.de<\/a><\/p>\n<p>&nbsp;<\/p>\n<p>[\/et_pb_text][\/et_pb_column][et_pb_column type=&#8220;2_3&#8243; _builder_version=&#8220;3.25&#8243; custom_padding=&#8220;|||&#8220; global_colors_info=&#8220;{}&#8220; custom_padding__hover=&#8220;|||&#8220;][et_pb_text admin_label=&#8220;Text&#8220; _builder_version=&#8220;3.27.4&#8243; text_font_size=&#8220;10&#8243; background_size=&#8220;initial&#8220; background_position=&#8220;top_left&#8220; background_repeat=&#8220;repeat&#8220; global_colors_info=&#8220;{}&#8220;]<\/p>\n<h3>I<span class=\"grau\">mpressum<\/span><\/h3>\n<p><span class=\"grau\">Angaben gem\u00e4ss \u00a7 5 TMG:<\/span><\/p>\n<div class=\"\">\n<div class=\"\">Danton Immobilien e.GbR<\/div>\n<div class=\"\">Daniela &amp; Morton Schmidt<\/div>\n<div class=\"\">Henseweg 7c<\/div>\n<div class=\"\">22359 Hamburg<\/div>\n<div class=\"\">Deutschland<\/div>\n<\/div>\n<div class=\"\">Tel. 0173\/4218496<\/div>\n<div class=\"\"><a href=\"mailto:daniela@schmidt-family.org\" class=\"\">daniela@schmidt-family.org<\/a><\/div>\n<p>Bilder Grafiken und Webdesign:<\/p>\n<p><a href=\"http:\/\/www.paddel-grafik.de\" target=\"_blank\" rel=\"noopener noreferrer\">Paddel Grafik Amrum<\/a><\/p>\n<p><span style=\"font-family: Helvetica, Geneva, Arial, SunSans-Regular, sans-serif; font-size: small;\">Quelle:Mit dem von eRecht24 bereitgestellten Impressum-Generator erzeugt.<\/span><\/p>\n<p>&nbsp;<\/p>\n<p>Haftungsausschluss:<\/p>\n<p class=\"grau\"><span style=\"font-family: Helvetica, Geneva, Arial, SunSans-Regular, sans-serif; font-size: small;\">Haftung f\u00fcr Inhalte<\/span><\/p>\n<p>Die Inhalte unserer Seiten wurden mit gr\u00f6\u00dfter Sorgfalt erstellt. F\u00fcr die Richtigkeit, Vollst\u00e4ndigkeit und Aktualit\u00e4t der Inhalte k\u00f6nnen wir jedoch keine Gew\u00e4hr \u00fcbernehmen. Als Diensteanbieter sind wir gem\u00e4\u00df \u00a7 7 Abs.1 TMG f\u00fcr eigene Inhalte auf diesen Seiten nach den allgemeinen Gesetzen verantwortlich. Nach \u00a7\u00a7 8 bis 10 TMG sind wir als Diensteanbieter jedoch nicht verpflichtet, \u00fcbermittelte oder gespeicherte fremde Informationen zu \u00fcberwachen oder nach Umst\u00e4nden zu forschen, die auf eine rechtswidrige T\u00e4tigkeit hinweisen. Verpflichtungen zur Entfernung oder Sperrung der Nutzung von Informationen nach den allgemeinen Gesetzen bleiben hiervon unber\u00fchrt. Eine diesbez\u00fcgliche Haftung ist jedoch erst ab dem Zeitpunkt der Kenntnis einer konkreten Rechtsverletzung m\u00f6glich. Bei Bekanntwerden von entsprechenden Rechtsverletzungen werden wir diese Inhalte umgehend entfernen.<\/p>\n<p>Haftung f\u00fcr Links<\/p>\n<p>Unser Angebot enth\u00e4lt Links zu externen Webseiten Dritter, auf deren Inhalte wir keinen Einfluss haben. Deshalb k\u00f6nnen wir f\u00fcr diese fremden Inhalte auch keine Gew\u00e4hr \u00fcbernehmen. F\u00fcr die Inhalte der verlinkten Seiten ist stets der jeweilige Anbieter oder Betreiber der Seiten verantwortlich. Die verlinkten Seiten wurden zum Zeitpunkt der Verlinkung auf m\u00f6gliche Rechtsverst\u00f6\u00dfe \u00fcberpr\u00fcft. Rechtswidrige Inhalte waren zum Zeitpunkt der Verlinkung nicht erkennbar. Eine permanente inhaltliche Kontrolle der verlinkten Seiten ist jedoch ohne konkrete Anhaltspunkte einer Rechtsverletzung nicht zumutbar. Bei Bekanntwerden von Rechtsverletzungen werden wir derartige Links umgehend entfernen.<\/p>\n<p>Urheberrecht<\/p>\n<p>Die durch die Seitenbetreiber erstellten Inhalte und Werke auf diesen Seiten unterliegen dem deutschen Urheberrecht. Die Vervielf\u00e4ltigung, Bearbeitung, Verbreitung und jede Art der Verwertung au\u00dferhalb der Grenzen des Urheberrechtes bed\u00fcrfen der schriftlichen Zustimmung des jeweiligen Autors bzw. Erstellers. Downloads und Kopien dieser Seite sind nur f\u00fcr den privaten, nicht kommerziellen Gebrauch gestattet. Soweit die Inhalte auf dieser Seite nicht vom Betreiber erstellt wurden, werden die Urheberrechte Dritter beachtet. Insbesondere werden Inhalte Dritter als solche gekennzeichnet. Sollten Sie trotzdem auf eine Urheberrechtsverletzung aufmerksam werden, bitten wir um einen entsprechenden Hinweis. Bei Bekanntwerden von Rechtsverletzungen werden wir derartige Inhalte umgehend entfernen.<\/p>\n<h1><\/h1>\n<p>[\/et_pb_text][\/et_pb_column][\/et_pb_row][\/et_pb_section]<\/p>\n","protected":false},"excerpt":{"rendered":"<p>Sch\u00f6n, dass Sie sich f\u00fcr unsere Wohnung interessieren\u2026 &nbsp; Daniela &amp; Morton Schmidt Henseweg 7c 22359 Hamburg Deutschland Tel. 0173\/4218496 daniela@schmidt-family.org &nbsp; Adresse des Hauses:Haus LungjaatLungjaat 2a25946 Nebel Links, die Ihnen weiterhelfen\u2026 \u00a0 Offizielle Website der Insel Wyker Dampfschiffs Reederei Deutsche Bahn Sollte unsere Wohnung zum gew\u00fcnschten Zeitpunkt schon besetzt sein, finden Sie \u00e4hnliche Mietobjekte [&hellip;]<\/p>\n","protected":false},"author":1,"featured_media":0,"parent":0,"menu_order":0,"comment_status":"closed","ping_status":"open","template":"","meta":{"_et_pb_use_builder":"on","_et_pb_old_content":"<p>This is an example page. It's different from a blog post because it will stay in one place and will show up in your site navigation (in most themes). Most people start with an About page that introduces them to potential site visitors. It might say something like this:<\/p><blockquote><p>Hi there! I'm a bike messenger by day, aspiring actor by night, and this is my website. I live in Los Angeles, have a great dog named Jack, and I like pi\u00f1a coladas. (And gettin' caught in the rain.)<\/p><\/blockquote><p>...or something like this:<\/p><blockquote><p>The XYZ Doohickey Company was founded in 1971, and has been providing quality doohickeys to the public ever since. Located in Gotham City, XYZ employs over 2,000 people and does all kinds of awesome things for the Gotham community.<\/p><\/blockquote><p>As a new WordPress user, you should go to <a href=\"http:\/\/haus-lungjaat.de\/wp-admin\/\">your dashboard<\/a> to delete this page and create new pages for your content. Have fun!<\/p>","_et_gb_content_width":"","footnotes":""},"class_list":["post-131","page","type-page","status-publish","hentry"],"_links":{"self":[{"href":"https:\/\/haus-lungjaat.de\/index.php?rest_route=\/wp\/v2\/pages\/131","targetHints":{"allow":["GET"]}}],"collection":[{"href":"https:\/\/haus-lungjaat.de\/index.php?rest_route=\/wp\/v2\/pages"}],"about":[{"href":"https:\/\/haus-lungjaat.de\/index.php?rest_route=\/wp\/v2\/types\/page"}],"author":[{"embeddable":true,"href":"https:\/\/haus-lungjaat.de\/index.php?rest_route=\/wp\/v2\/users\/1"}],"replies":[{"embeddable":true,"href":"https:\/\/haus-lungjaat.de\/index.php?rest_route=%2Fwp%2Fv2%2Fcomments&post=131"}],"version-history":[{"count":9,"href":"https:\/\/haus-lungjaat.de\/index.php?rest_route=\/wp\/v2\/pages\/131\/revisions"}],"predecessor-version":[{"id":227,"href":"https:\/\/haus-lungjaat.de\/index.php?rest_route=\/wp\/v2\/pages\/131\/revisions\/227"}],"wp:attachment":[{"href":"https:\/\/haus-lungjaat.de\/index.php?rest_route=%2Fwp%2Fv2%2Fmedia&parent=131"}],"curies":[{"name":"wp","href":"https:\/\/api.w.org\/{rel}","templated":true}]}}